{"id":263,"date":"2023-07-29T17:15:13","date_gmt":"2023-07-29T17:15:13","guid":{"rendered":"https:\/\/infinitoflower.com\/?post_type=product&#038;p=263"},"modified":"2023-09-26T20:25:47","modified_gmt":"2023-09-26T20:25:47","slug":"sol-1","status":"publish","type":"product","link":"https:\/\/infinitoflower.com\/en\/product\/sol-1\/","title":{"rendered":"Girasol"},"content":{"rendered":"<ul>\n<li>Durabilidad: Las flores de sol preservadas han sido sometidas a un proceso de conservaci\u00f3n que les permite mantener su aspecto fresco y natural durante un largo per\u00edodo de tiempo, incluso hasta varios a\u00f1os.<\/li>\n<li>Aspecto natural: Estas flores conservan su forma, textura y color originales, lo que les da un aspecto aut\u00e9ntico y realista. A simple vista, es dif\u00edcil distinguirlas de las flores frescas<\/li>\n<li>Sin necesidad de agua: A diferencia de las flores frescas, las flores de sol preservadas no requieren agua para mantenerse en buen estado, lo que las hace muy pr\u00e1cticas y f\u00e1ciles de manejar<\/li>\n<li>Versatilidad: Las flores de sol preservadas est\u00e1n disponibles en una amplia variedad de especies y colores, lo que permite crear una variedad de arreglos florales y decoraciones personalizadas para diferentes ocasiones y estilos decorativos<\/li>\n<li>Ecoamigables: Al ser flores que no se marchitan y no necesitan ser reemplazadas con frecuencia, las flores de sol preservadas son una opci\u00f3n respetuosa con el medio ambiente, ya que reducen la necesidad de desechar flores frescas constantemente.<\/li>\n<\/ul>","protected":false},"excerpt":{"rendered":"<p>Las flores de sol preservadas son flores naturales que han sido sometidas a un proceso especial de conservaci\u00f3n para mantener su frescura y belleza durante un largo periodo de tiempo, sin necesidad de agua o cuidados adicionales. Son una opci\u00f3n duradera y hermosa para decorar espacios o expresar sentimientos en diferentes ocasiones, conservando su aspecto aut\u00e9ntico y natural.<\/p>","protected":false},"featured_media":1420,"comment_status":"closed","ping_status":"closed","template":"","meta":{"_joinchat":[]},"product_cat":[28],"product_tag":[],"class_list":["post-263","product","type-product","status-publish","has-post-thumbnail","hentry","product_cat-floresdesol"],"_links":{"self":[{"href":"https:\/\/infinitoflower.com\/en\/wp-json\/wp\/v2\/product\/263","targetHints":{"allow":["GET"]}}],"collection":[{"href":"https:\/\/infinitoflower.com\/en\/wp-json\/wp\/v2\/product"}],"about":[{"href":"https:\/\/infinitoflower.com\/en\/wp-json\/wp\/v2\/types\/product"}],"replies":[{"embeddable":true,"href":"https:\/\/infinitoflower.com\/en\/wp-json\/wp\/v2\/comments?post=263"}],"wp:featuredmedia":[{"embeddable":true,"href":"https:\/\/infinitoflower.com\/en\/wp-json\/wp\/v2\/media\/1420"}],"wp:attachment":[{"href":"https:\/\/infinitoflower.com\/en\/wp-json\/wp\/v2\/media?parent=263"}],"wp:term":[{"taxonomy":"product_cat","embeddable":true,"href":"https:\/\/infinitoflower.com\/en\/wp-json\/wp\/v2\/product_cat?post=263"},{"taxonomy":"product_tag","embeddable":true,"href":"https:\/\/infinitoflower.com\/en\/wp-json\/wp\/v2\/product_tag?post=263"}],"curies":[{"name":"wp","href":"https:\/\/api.w.org\/{rel}","templated":true}]}}