{"id":708,"date":"2023-08-18T20:22:53","date_gmt":"2023-08-18T20:22:53","guid":{"rendered":"https:\/\/infinitoflower.com\/?post_type=product&#038;p=708"},"modified":"2023-08-18T20:22:53","modified_gmt":"2023-08-18T20:22:53","slug":"durazno-2","status":"publish","type":"product","link":"https:\/\/infinitoflower.com\/en\/product\/durazno-2\/","title":{"rendered":"Durazno"},"content":{"rendered":"<p>Las Hortensias Preservadas Durazno rinden homenaje a la belleza natural y la perdurabilidad, encapsulando la dulzura y la comodidad en cada p\u00e9talo. Con su tono durazno y su forma exquisita, estas hortensias son ideales para expresar sentimientos suaves y realzar momentos especiales con un toque de ternura y encanto duradero.<\/p>\n<p>&nbsp;<\/p>","protected":false},"excerpt":{"rendered":"<p>Celebra la encantadora belleza de las Hortensias Preservadas Durazno, donde la calidez perdura y la naturaleza se encuentra con la permanencia, creando un s\u00edmbolo eterno de cari\u00f1o y conexi\u00f3n con la naturaleza en tonos c\u00e1lidos y acogedores.<\/p>","protected":false},"featured_media":709,"comment_status":"closed","ping_status":"closed","template":"","meta":{"_joinchat":[]},"product_cat":[55,58,30],"product_tag":[],"class_list":["post-708","product","type-product","status-publish","has-post-thumbnail","hentry","product_cat-colores-basicos-hortensias","product_cat-colores-pasteles-colores-basicos-hortensias","product_cat-hortensias"],"_links":{"self":[{"href":"https:\/\/infinitoflower.com\/en\/wp-json\/wp\/v2\/product\/708","targetHints":{"allow":["GET"]}}],"collection":[{"href":"https:\/\/infinitoflower.com\/en\/wp-json\/wp\/v2\/product"}],"about":[{"href":"https:\/\/infinitoflower.com\/en\/wp-json\/wp\/v2\/types\/product"}],"replies":[{"embeddable":true,"href":"https:\/\/infinitoflower.com\/en\/wp-json\/wp\/v2\/comments?post=708"}],"wp:featuredmedia":[{"embeddable":true,"href":"https:\/\/infinitoflower.com\/en\/wp-json\/wp\/v2\/media\/709"}],"wp:attachment":[{"href":"https:\/\/infinitoflower.com\/en\/wp-json\/wp\/v2\/media?parent=708"}],"wp:term":[{"taxonomy":"product_cat","embeddable":true,"href":"https:\/\/infinitoflower.com\/en\/wp-json\/wp\/v2\/product_cat?post=708"},{"taxonomy":"product_tag","embeddable":true,"href":"https:\/\/infinitoflower.com\/en\/wp-json\/wp\/v2\/product_tag?post=708"}],"curies":[{"name":"wp","href":"https:\/\/api.w.org\/{rel}","templated":true}]}}