{"id":712,"date":"2023-08-18T20:29:46","date_gmt":"2023-08-18T20:29:46","guid":{"rendered":"https:\/\/infinitoflower.com\/?post_type=product&#038;p=712"},"modified":"2023-08-18T20:29:47","modified_gmt":"2023-08-18T20:29:47","slug":"lavanda","status":"publish","type":"product","link":"https:\/\/infinitoflower.com\/en\/product\/lavanda\/","title":{"rendered":"Lavanda"},"content":{"rendered":"<p>Las Hortensias Preservadas Lavanda rinden homenaje a la belleza natural y la perdurabilidad, encapsulando la serenidad y la calma en cada p\u00e9talo. Con su tono lavanda y su forma exquisita, estas hortensias son ideales para expresar sentimientos relajantes y realzar momentos especiales con un toque de distinci\u00f3n y encanto duradero.<\/p>\n<p>&nbsp;<\/p>","protected":false},"excerpt":{"rendered":"<p>Celebra la encantadora belleza de las Hortensias Preservadas Lavanda, donde la frescura arom\u00e1tica perdura y la naturaleza se encuentra con la permanencia, creando un s\u00edmbolo eterno de relajaci\u00f3n y conexi\u00f3n con la naturaleza en tonos suaves y arom\u00e1ticos.<\/p>","protected":false},"featured_media":713,"comment_status":"closed","ping_status":"closed","template":"","meta":{"_joinchat":[]},"product_cat":[55,58,30],"product_tag":[],"class_list":["post-712","product","type-product","status-publish","has-post-thumbnail","hentry","product_cat-colores-basicos-hortensias","product_cat-colores-pasteles-colores-basicos-hortensias","product_cat-hortensias"],"_links":{"self":[{"href":"https:\/\/infinitoflower.com\/en\/wp-json\/wp\/v2\/product\/712","targetHints":{"allow":["GET"]}}],"collection":[{"href":"https:\/\/infinitoflower.com\/en\/wp-json\/wp\/v2\/product"}],"about":[{"href":"https:\/\/infinitoflower.com\/en\/wp-json\/wp\/v2\/types\/product"}],"replies":[{"embeddable":true,"href":"https:\/\/infinitoflower.com\/en\/wp-json\/wp\/v2\/comments?post=712"}],"wp:featuredmedia":[{"embeddable":true,"href":"https:\/\/infinitoflower.com\/en\/wp-json\/wp\/v2\/media\/713"}],"wp:attachment":[{"href":"https:\/\/infinitoflower.com\/en\/wp-json\/wp\/v2\/media?parent=712"}],"wp:term":[{"taxonomy":"product_cat","embeddable":true,"href":"https:\/\/infinitoflower.com\/en\/wp-json\/wp\/v2\/product_cat?post=712"},{"taxonomy":"product_tag","embeddable":true,"href":"https:\/\/infinitoflower.com\/en\/wp-json\/wp\/v2\/product_tag?post=712"}],"curies":[{"name":"wp","href":"https:\/\/api.w.org\/{rel}","templated":true}]}}