{"id":716,"date":"2023-08-18T20:41:23","date_gmt":"2023-08-18T20:41:23","guid":{"rendered":"https:\/\/infinitoflower.com\/?post_type=product&#038;p=716"},"modified":"2023-08-18T20:41:24","modified_gmt":"2023-08-18T20:41:24","slug":"flor-ensamblada","status":"publish","type":"product","link":"https:\/\/infinitoflower.com\/en\/product\/flor-ensamblada\/","title":{"rendered":"Flor Ensamblada"},"content":{"rendered":"<p>Descubre la creatividad y la armon\u00eda de nuestras Flores Ensambladas, una expresi\u00f3n \u00fanica y art\u00edstica de la belleza natural. Cada flor ha sido cuidadosamente seleccionada y ensamblada en una composici\u00f3n \u00fanica que resalta sus colores, formas y texturas de manera armoniosa.<\/p>\n<p>&nbsp;<\/p>","protected":false},"excerpt":{"rendered":"<p>Nuestras Flores Ensambladas capturan la esencia de la naturaleza y la presentan en una forma art\u00edstica y cautivadora. Desde las tonalidades vibrantes hasta las combinaciones suaves y elegantes, cada arreglo es una obra maestra \u00fanica que transmite la belleza y la creatividad de la naturaleza.<\/p>","protected":false},"featured_media":717,"comment_status":"closed","ping_status":"closed","template":"","meta":{"_joinchat":[]},"product_cat":[62,61,29],"product_tag":[],"class_list":["post-716","product","type-product","status-publish","has-post-thumbnail","hentry","product_cat-ensamblada","product_cat-montado","product_cat-tallos"],"_links":{"self":[{"href":"https:\/\/infinitoflower.com\/en\/wp-json\/wp\/v2\/product\/716","targetHints":{"allow":["GET"]}}],"collection":[{"href":"https:\/\/infinitoflower.com\/en\/wp-json\/wp\/v2\/product"}],"about":[{"href":"https:\/\/infinitoflower.com\/en\/wp-json\/wp\/v2\/types\/product"}],"replies":[{"embeddable":true,"href":"https:\/\/infinitoflower.com\/en\/wp-json\/wp\/v2\/comments?post=716"}],"wp:featuredmedia":[{"embeddable":true,"href":"https:\/\/infinitoflower.com\/en\/wp-json\/wp\/v2\/media\/717"}],"wp:attachment":[{"href":"https:\/\/infinitoflower.com\/en\/wp-json\/wp\/v2\/media?parent=716"}],"wp:term":[{"taxonomy":"product_cat","embeddable":true,"href":"https:\/\/infinitoflower.com\/en\/wp-json\/wp\/v2\/product_cat?post=716"},{"taxonomy":"product_tag","embeddable":true,"href":"https:\/\/infinitoflower.com\/en\/wp-json\/wp\/v2\/product_tag?post=716"}],"curies":[{"name":"wp","href":"https:\/\/api.w.org\/{rel}","templated":true}]}}