{"id":728,"date":"2023-08-18T21:49:18","date_gmt":"2023-08-18T21:49:18","guid":{"rendered":"https:\/\/infinitoflower.com\/?post_type=product&#038;p=728"},"modified":"2023-08-18T21:49:18","modified_gmt":"2023-08-18T21:49:18","slug":"durazno-eucalipto","status":"publish","type":"product","link":"https:\/\/infinitoflower.com\/en\/product\/durazno-eucalipto\/","title":{"rendered":"Durazno Eucalipto"},"content":{"rendered":"<p>Los Follajes Durazno Eucalipto rinden homenaje a la diversidad de la vegetaci\u00f3n y su perdurabilidad, brindando una soluci\u00f3n duradera y c\u00e1lida para tus necesidades decorativas. Su apariencia \u00fanica y su tonalidad suave crean una conexi\u00f3n entre la naturaleza y la creatividad, a\u00f1adiendo un toque de calidez y frescura a tu entorno.<\/p>\n<p>&nbsp;<\/p>","protected":false},"excerpt":{"rendered":"<p>Celebra la originalidad y la belleza del durazno con nuestros Follajes Durazno Eucalipto, donde la dulzura perdura y la naturaleza se encuentra con la expresi\u00f3n art\u00edstica, creando un enlace duradero entre el entorno y la frescura que evoca el durazno en cada hoja de eucalipto tratada.<\/p>","protected":false},"featured_media":729,"comment_status":"closed","ping_status":"closed","template":"","meta":{"_joinchat":[]},"product_cat":[65,31,67],"product_tag":[],"class_list":["post-728","product","type-product","status-publish","has-post-thumbnail","hentry","product_cat-eucalipto","product_cat-follajes","product_cat-parvifolia"],"_links":{"self":[{"href":"https:\/\/infinitoflower.com\/en\/wp-json\/wp\/v2\/product\/728","targetHints":{"allow":["GET"]}}],"collection":[{"href":"https:\/\/infinitoflower.com\/en\/wp-json\/wp\/v2\/product"}],"about":[{"href":"https:\/\/infinitoflower.com\/en\/wp-json\/wp\/v2\/types\/product"}],"replies":[{"embeddable":true,"href":"https:\/\/infinitoflower.com\/en\/wp-json\/wp\/v2\/comments?post=728"}],"wp:featuredmedia":[{"embeddable":true,"href":"https:\/\/infinitoflower.com\/en\/wp-json\/wp\/v2\/media\/729"}],"wp:attachment":[{"href":"https:\/\/infinitoflower.com\/en\/wp-json\/wp\/v2\/media?parent=728"}],"wp:term":[{"taxonomy":"product_cat","embeddable":true,"href":"https:\/\/infinitoflower.com\/en\/wp-json\/wp\/v2\/product_cat?post=728"},{"taxonomy":"product_tag","embeddable":true,"href":"https:\/\/infinitoflower.com\/en\/wp-json\/wp\/v2\/product_tag?post=728"}],"curies":[{"name":"wp","href":"https:\/\/api.w.org\/{rel}","templated":true}]}}