{"id":740,"date":"2023-08-18T22:30:35","date_gmt":"2023-08-18T22:30:35","guid":{"rendered":"https:\/\/infinitoflower.com\/?post_type=product&#038;p=740"},"modified":"2023-08-18T22:30:35","modified_gmt":"2023-08-18T22:30:35","slug":"solidago-natural","status":"publish","type":"product","link":"https:\/\/infinitoflower.com\/en\/product\/solidago-natural\/","title":{"rendered":"Solidago Natural"},"content":{"rendered":"<p>Los Follajes Solidago Natural rinden homenaje a la diversidad de la vegetaci\u00f3n y su perdurabilidad, brindando una soluci\u00f3n duradera y aut\u00e9ntica para tus necesidades decorativas. Su apariencia \u00fanica y su estilo r\u00fastico crean una conexi\u00f3n entre la naturaleza y la creatividad, a\u00f1adiendo un toque de calidez y naturalidad a tu entorno.<\/p>\n<p>&nbsp;<\/p>","protected":false},"excerpt":{"rendered":"<p>Celebra la belleza sutil y la autenticidad del campo con nuestros Follajes Solidago Natural, donde la frescura perdura y la naturaleza se encuentra con la expresi\u00f3n art\u00edstica, creando un enlace duradero entre el entorno y la encantadora rusticidad que evoca el solidago en cada pieza de follaje seleccionada.<\/p>","protected":false},"featured_media":741,"comment_status":"closed","ping_status":"closed","template":"","meta":{"_joinchat":[]},"product_cat":[31,74,73],"product_tag":[],"class_list":["post-740","product","type-product","status-publish","has-post-thumbnail","hentry","product_cat-follajes","product_cat-natural-solidago","product_cat-solidago"],"_links":{"self":[{"href":"https:\/\/infinitoflower.com\/en\/wp-json\/wp\/v2\/product\/740","targetHints":{"allow":["GET"]}}],"collection":[{"href":"https:\/\/infinitoflower.com\/en\/wp-json\/wp\/v2\/product"}],"about":[{"href":"https:\/\/infinitoflower.com\/en\/wp-json\/wp\/v2\/types\/product"}],"replies":[{"embeddable":true,"href":"https:\/\/infinitoflower.com\/en\/wp-json\/wp\/v2\/comments?post=740"}],"wp:featuredmedia":[{"embeddable":true,"href":"https:\/\/infinitoflower.com\/en\/wp-json\/wp\/v2\/media\/741"}],"wp:attachment":[{"href":"https:\/\/infinitoflower.com\/en\/wp-json\/wp\/v2\/media?parent=740"}],"wp:term":[{"taxonomy":"product_cat","embeddable":true,"href":"https:\/\/infinitoflower.com\/en\/wp-json\/wp\/v2\/product_cat?post=740"},{"taxonomy":"product_tag","embeddable":true,"href":"https:\/\/infinitoflower.com\/en\/wp-json\/wp\/v2\/product_tag?post=740"}],"curies":[{"name":"wp","href":"https:\/\/api.w.org\/{rel}","templated":true}]}}